{"id":5691,"date":"2023-09-01T07:28:02","date_gmt":"2023-09-01T07:28:02","guid":{"rendered":"https:\/\/staging.wearensn.com\/politica-de-privacidad\/"},"modified":"2025-04-03T19:53:24","modified_gmt":"2025-04-03T19:53:24","slug":"politica-de-privacidad","status":"publish","type":"page","link":"https:\/\/www.wearensn.com\/es\/politica-de-privacidad\/","title":{"rendered":"Pol\u00edtica de Privacidad"},"content":{"rendered":"\t\t<div data-elementor-type=\"wp-page\" data-elementor-id=\"5691\" class=\"elementor elementor-5691 elementor-440\" data-elementor-post-type=\"page\">\n\t\t\t\t\t\t<section class=\"elementor-section elementor-top-section elementor-element elementor-element-301a31c elementor-section-boxed elementor-section-height-default elementor-section-height-default qodef-elementor-content-no\" data-id=\"301a31c\" data-element_type=\"section\" data-e-type=\"section\">\n\t\t\t\t\t\t<div class=\"elementor-container elementor-column-gap-default\">\n\t\t\t\t\t<div class=\"elementor-column elementor-col-100 elementor-top-column elementor-element elementor-element-5e31a17\" data-id=\"5e31a17\" data-element_type=\"column\" data-e-type=\"column\">\n\t\t\t<div class=\"elementor-widget-wrap elementor-element-populated\">\n\t\t\t\t\t\t<div class=\"elementor-element elementor-element-d1c6427 elementor-widget elementor-widget-qi_addons_for_elementor_animated_text\" data-id=\"d1c6427\" data-element_type=\"widget\" data-e-type=\"widget\" data-widget_type=\"qi_addons_for_elementor_animated_text.default\">\n\t\t\t\t<div class=\"elementor-widget-container\">\n\t\t\t\t\t<div class=\"qodef-shortcode qodef-m qodef-qi-animated-text qodef--animated-by-letter qodef--alignment-left qodef-qi--has-appear qodef--appear-from-bottom\" >\n\t\t<h1 class=\"qodef-m-title\">\n\t\t<span class=\"qodef-e-word-holder\">Pol\u00edtica<\/span> <span class=\"qodef-e-word-holder\">de<\/span> <span class=\"qodef-e-word-holder\">Privacidad<\/span>\t<\/h1>\n<\/div>\n\t\t\t\t<\/div>\n\t\t\t\t<\/div>\n\t\t\t\t<div class=\"elementor-element elementor-element-4bc6a72 elementor-widget elementor-widget-heading\" data-id=\"4bc6a72\" data-element_type=\"widget\" data-e-type=\"widget\" data-widget_type=\"heading.default\">\n\t\t\t\t<div class=\"elementor-widget-container\">\n\t\t\t\t\t<h2 class=\"elementor-heading-title elementor-size-default\">1\/ Pol\u00edtica de Privacidad y Seguridad.<\/h2>\t\t\t\t<\/div>\n\t\t\t\t<\/div>\n\t\t\t\t<div class=\"elementor-element elementor-element-e212bc7 elementor-widget elementor-widget-text-editor\" data-id=\"e212bc7\" data-element_type=\"widget\" data-e-type=\"widget\" data-widget_type=\"text-editor.default\">\n\t\t\t\t<div class=\"elementor-widget-container\">\n\t\t\t\t\t\t\t\t\t<p>La siguiente informaci\u00f3n sobre nuestra Pol\u00edtica de Privacidad refleja el compromiso de INTERNATIONAL COMMERCIALIZATION OF SPORTS RIGHTS SPAIN, S.L., por mantener y garantizar relaciones comerciales seguras mediante la protecci\u00f3n de los datos personales, garantizando el derecho a la privacidad de cada uno de los usuarios de nuestros servicios. En este documento explicamos c\u00f3mo utilizamos los datos personales de los usuarios del portal web.<\/p>\n\t\t\t\t\t\t\t\t<\/div>\n\t\t\t\t<\/div>\n\t\t\t\t<div class=\"elementor-element elementor-element-2fa5874 elementor-widget elementor-widget-heading\" data-id=\"2fa5874\" data-element_type=\"widget\" data-e-type=\"widget\" data-widget_type=\"heading.default\">\n\t\t\t\t<div class=\"elementor-widget-container\">\n\t\t\t\t\t<h2 class=\"elementor-heading-title elementor-size-default\">2\/ Definici\u00f3n de dato personal<\/h2>\t\t\t\t<\/div>\n\t\t\t\t<\/div>\n\t\t\t\t<div class=\"elementor-element elementor-element-f3ea8be elementor-widget elementor-widget-text-editor\" data-id=\"f3ea8be\" data-element_type=\"widget\" data-e-type=\"widget\" data-widget_type=\"text-editor.default\">\n\t\t\t\t<div class=\"elementor-widget-container\">\n\t\t\t\t\t\t\t\t\t<p>Como \u00abDato Personal\u00bb debemos entender cualquier informaci\u00f3n concerniente a una persona f\u00edsica identificada o identificable. Entre otros, se incluyen el nombre, apellidos, la direcci\u00f3n postal y electr\u00f3nica, as\u00ed como el n\u00famero de tel\u00e9fono.<\/p>\n\t\t\t\t\t\t\t\t<\/div>\n\t\t\t\t<\/div>\n\t\t\t\t<div class=\"elementor-element elementor-element-a27754e elementor-widget elementor-widget-heading\" data-id=\"a27754e\" data-element_type=\"widget\" data-e-type=\"widget\" data-widget_type=\"heading.default\">\n\t\t\t\t<div class=\"elementor-widget-container\">\n\t\t\t\t\t<h2 class=\"elementor-heading-title elementor-size-default\">3\/ Tratamientos y finalidades de los datos recogidos<\/h2>\t\t\t\t<\/div>\n\t\t\t\t<\/div>\n\t\t\t\t<div class=\"elementor-element elementor-element-1b8021d elementor-widget elementor-widget-text-editor\" data-id=\"1b8021d\" data-element_type=\"widget\" data-e-type=\"widget\" data-widget_type=\"text-editor.default\">\n\t\t\t\t<div class=\"elementor-widget-container\">\n\t\t\t\t\t\t\t\t\t<p>Cualquier dato personal que nos facilite al visitar cualquiera de nuestros portales web o con la instalaci\u00f3n de nuestra aplicaci\u00f3n m\u00f3vil, ser\u00e1 tratado de conformidad con las normas de protecci\u00f3n de datos y s\u00f3lo ser\u00e1n recogidos, tratados y utilizados para fines l\u00edcitos, leg\u00edtimos e informados. Por ello, detallamos todas las finalidades con las que utiliza datos personales INTERNATIONAL COMMERCIALIZATION OF SPORTS RIGHTS SPAIN, S.L. como responsable del tratamiento:<\/p>\n<p><em>Por el env\u00edo de formularios de contacto o correos electr\u00f3nicos:<\/em><\/p>\n<p>Finalidad: Poder responder a las consultas planteadas y ponerse en contacto con el usuario para resolver las dudas o cuestiones planteadas.<\/p>\n<p>Legitimaci\u00f3n: La base leg\u00edtima con la que se tratar\u00e1n los datos reside en la ejecuci\u00f3n de las medidas precontractuales solicitadas y\/o el consentimiento prestado.<\/p>\n<p>Plazos de conservaci\u00f3n: Los datos ser\u00e1n conservados durante el tiempo necesario para responder a las cuestiones planteadas.<\/p>\n<p><em>Por la introducci\u00f3n del correo electr\u00f3nico para la suscripci\u00f3n al bolet\u00edn de noticias:<\/em><\/p>\n<p>Finalidad: Remitirle las newsletters solicitadas, as\u00ed como remitirle informaci\u00f3n comercial sobre nuevos productos y servicios.<\/p>\n<p>Legitimaci\u00f3n: La base leg\u00edtima con la que se tratar\u00e1n los datos reside en la ejecuci\u00f3n de las medidas precontractuales solicitadas y\/o el consentimiento prestado.<\/p>\n<p>Plazos de conservaci\u00f3n: Los datos ser\u00e1n conservados durante el tiempo necesario para responder a las cuestiones planteadas.<\/p>\n<p><em>Por el registro como usuario:<\/em><\/p>\n<p>Finalidad: Gestionar su acceso como usuario registrado y remitirle informaci\u00f3n comercial a trav\u00e9s de medios electr\u00f3nicos.<\/p>\n<p>Legitimaci\u00f3n: La base leg\u00edtima con la que se tratar\u00e1n los datos reside en la ejecuci\u00f3n de las medidas precontractuales solicitadas.<\/p>\n<p>Plazos de conservaci\u00f3n: Los datos ser\u00e1n conservados durante el tiempo necesario para cumplir con las obligaciones legales pertinentes, como por ejemplo, fiscales.<\/p>\n<p><em>Por las transacciones:<\/em><\/p>\n<p>Finalidad: Poder realizar las gestiones pertinentes de reserva a trav\u00e9s del portal web adem\u00e1s de remitirle informaci\u00f3n comercial a trav\u00e9s de medios electr\u00f3nicos.<\/p>\n<p>Legitimaci\u00f3n: La base leg\u00edtima con la que se tratar\u00e1n los datos reside en la ejecuci\u00f3n de las medidas precontractuales solicitadas y\/o el consentimiento prestado.<\/p>\n<p>Comunicaci\u00f3n de datos a terceros: Sus datos ser\u00e1n comunicados a las entidades bancarias para poder realizar las transacciones econ\u00f3micas pertinentes.<\/p>\n<p>Plazos de conservaci\u00f3n: Los datos ser\u00e1n conservados durante el tiempo necesario para cumplir con las obligaciones legales pertinentes, como por ejemplo, fiscales.<\/p>\n<p>Desde INTERNATIONAL COMMERCIALIZATION OF SPORTS RIGHTS SPAIN, S.L. informaremos a todos los usuarios el car\u00e1cter no obligatorio de la recogida de determinados datos de car\u00e1cter personal, salvo en los campos que se indique lo contrario. No obstante, la no cumplimentaci\u00f3n de dichos datos podr\u00e1 impedir a INTERNATIONAL COMMERCIALIZATION OF SPORTS RIGHTS SPAIN, S.L. prestar todos aquellos Servicios vinculados a tales datos, liber\u00e1ndonos de toda responsabilidad por la no prestaci\u00f3n o prestaci\u00f3n incompleta de estos Servicios.<\/p>\n<p>Corresponde al usuario la obligaci\u00f3n de facilitar los datos de manera veraz y mantenerlos actualizados, por lo que INTERNATIONAL COMMERCIALIZATION OF SPORTS RIGHTS SPAIN, S.L. se reserva el derecho de excluir de los servicios y proceder a la cancelaci\u00f3n del servicio a todo usuario que haya facilitado datos falsos, sin perjuicio de las dem\u00e1s acciones que procedan en Derecho.<\/p>\n<p>Sus datos personales NO ser\u00e1n comunicados a ninguna otra empresa. En el caso de que fuera necesario comunicar su informaci\u00f3n a otra entidad, se solicitar\u00eda su consentimiento expreso antes de realizar la comunicaci\u00f3n.<\/p>\n\t\t\t\t\t\t\t\t<\/div>\n\t\t\t\t<\/div>\n\t\t\t\t<div class=\"elementor-element elementor-element-347e4dd elementor-widget elementor-widget-heading\" data-id=\"347e4dd\" data-element_type=\"widget\" data-e-type=\"widget\" data-widget_type=\"heading.default\">\n\t\t\t\t<div class=\"elementor-widget-container\">\n\t\t\t\t\t<h2 class=\"elementor-heading-title elementor-size-default\">4\/ Seguridad de sus datos personales<\/h2>\t\t\t\t<\/div>\n\t\t\t\t<\/div>\n\t\t\t\t<div class=\"elementor-element elementor-element-e847226 elementor-widget elementor-widget-text-editor\" data-id=\"e847226\" data-element_type=\"widget\" data-e-type=\"widget\" data-widget_type=\"text-editor.default\">\n\t\t\t\t<div class=\"elementor-widget-container\">\n\t\t\t\t\t\t\t\t\t<p>INTERNATIONAL COMMERCIALIZATION OF SPORTS RIGHTS SPAIN, S.L. tiene una preocupaci\u00f3n especial por garantizar la seguridad de sus datos personales. Sus datos son almacenados en nuestros sistemas de informaci\u00f3n, donde hemos adoptado e implantado medidas de seguridad, t\u00e9cnicas y organizativas, para prevenir cualquier p\u00e9rdida o uso no autorizado por terceros, por ejemplo, nuestros portales web utilizan protocolos de cifrado de datos Https.<\/p>\n\t\t\t\t\t\t\t\t<\/div>\n\t\t\t\t<\/div>\n\t\t\t\t<div class=\"elementor-element elementor-element-2cbf093 elementor-widget elementor-widget-heading\" data-id=\"2cbf093\" data-element_type=\"widget\" data-e-type=\"widget\" data-widget_type=\"heading.default\">\n\t\t\t\t<div class=\"elementor-widget-container\">\n\t\t\t\t\t<h2 class=\"elementor-heading-title elementor-size-default\">5\/ Informaci\u00f3n sobre la Utilizaci\u00f3n de cookies<\/h2>\t\t\t\t<\/div>\n\t\t\t\t<\/div>\n\t\t\t\t<div class=\"elementor-element elementor-element-0a86db9 elementor-widget elementor-widget-text-editor\" data-id=\"0a86db9\" data-element_type=\"widget\" data-e-type=\"widget\" data-widget_type=\"text-editor.default\">\n\t\t\t\t<div class=\"elementor-widget-container\">\n\t\t\t\t\t\t\t\t\t<p>Por el mero hecho de visitar el presente portal web o utilizar los servicios de INTERNATIONAL COMMERCIALIZATION OF SPORTS RIGHTS SPAIN, S.L. no queda registrado de forma autom\u00e1tica ning\u00fan dato de car\u00e1cter personal que identifique a un Usuario. Sin embargo, le informamos que durante la navegaci\u00f3n por el Sitio Web se utilizan \u00abcookies\u00bb, peque\u00f1os ficheros de datos que se generan en el ordenador del internauta y que nos permiten obtener la siguiente informaci\u00f3n anal\u00edtica:<\/p>\n<ol>\n<li>a) La fecha y hora de acceso a la Web, permitiendo saber las horas de m\u00e1s afluencia, y hacer los ajustes precisos para evitar problemas de saturaci\u00f3n en nuestras horas punta.<\/li>\n<li>b) El n\u00famero de visitantes diarios de cada secci\u00f3n, permitiendo conocer las \u00e1reas de m\u00e1s \u00e9xito y aumentar y mejorar su contenido, con el fin de que los usuarios obtengan un resultado m\u00e1s satisfactorio y mejorar el dise\u00f1o de los contenidos.<\/li>\n<li>c) La fecha y hora de la \u00faltima vez que el usuario visit\u00f3 el Sitio Web para realizar estudios anal\u00edticos y estad\u00edsticos sobre el uso que tiene la web.<\/li>\n<li>d) Elementos de seguridad que intervienen en el control de acceso a las \u00e1reas restringidas.<\/li>\n<\/ol>\n<p>Para m\u00e1s informaci\u00f3n visite nuestra <a href=\"https:\/\/www.wearensn.com\/es\/politica-de-cookies-y-rrss\/\">pol\u00edtica de cookies<\/a><\/p>\n\t\t\t\t\t\t\t\t<\/div>\n\t\t\t\t<\/div>\n\t\t\t\t<div class=\"elementor-element elementor-element-40904e4 elementor-widget elementor-widget-heading\" data-id=\"40904e4\" data-element_type=\"widget\" data-e-type=\"widget\" data-widget_type=\"heading.default\">\n\t\t\t\t<div class=\"elementor-widget-container\">\n\t\t\t\t\t<h2 class=\"elementor-heading-title elementor-size-default\">6\/ Derechos de los usuarios.<\/h2>\t\t\t\t<\/div>\n\t\t\t\t<\/div>\n\t\t\t\t<div class=\"elementor-element elementor-element-00d1419 elementor-widget elementor-widget-text-editor\" data-id=\"00d1419\" data-element_type=\"widget\" data-e-type=\"widget\" data-widget_type=\"text-editor.default\">\n\t\t\t\t<div class=\"elementor-widget-container\">\n\t\t\t\t\t\t\t\t\t<p>Cualquier usuario puede ejercitar cualquiera de los derechos reconocidos por la normativa de protecci\u00f3n de datos, como el derecho de acceso, rectificaci\u00f3n, limitaci\u00f3n de tratamiento, supresi\u00f3n, portabilidad de datos y oposici\u00f3n, dirigi\u00e9ndose por escrito a INTERNATIONAL COMMERCIALIZATION OF SPORTS RIGHTS SPAIN, S.L., sita en Via Augusta, 17, principal, 08006, Barcelona (ESPA\u00d1A) o enviando un correo electr\u00f3nico a lopd@wearensn.com. En el caso de que considere oportuno, puede presentar una reclamaci\u00f3n ante la Agencia Espa\u00f1ola de Protecci\u00f3n de Datos para ejercer la tutela de sus derechos.<\/p>\n\t\t\t\t\t\t\t\t<\/div>\n\t\t\t\t<\/div>\n\t\t\t\t<div class=\"elementor-element elementor-element-38a5765 elementor-widget elementor-widget-heading\" data-id=\"38a5765\" data-element_type=\"widget\" data-e-type=\"widget\" data-widget_type=\"heading.default\">\n\t\t\t\t<div class=\"elementor-widget-container\">\n\t\t\t\t\t<h2 class=\"elementor-heading-title elementor-size-default\">7\/ \u00bfNo desea recibir informaci\u00f3n de nosotros o desea revocar su consentimiento?<\/h2>\t\t\t\t<\/div>\n\t\t\t\t<\/div>\n\t\t\t\t<div class=\"elementor-element elementor-element-16e2a2c elementor-widget elementor-widget-text-editor\" data-id=\"16e2a2c\" data-element_type=\"widget\" data-e-type=\"widget\" data-widget_type=\"text-editor.default\">\n\t\t\t\t<div class=\"elementor-widget-container\">\n\t\t\t\t\t\t\t\t\t<p>Cualquier usuario puede oponerse al uso de su informaci\u00f3n para fines publicitarios, investigaciones de mercado o desarrollo de encuestas de satisfacci\u00f3n, as\u00ed como revocar su consentimiento en cualquier momento (sin efecto retroactivo). Para ello, deber\u00e1 enviar un correo electr\u00f3nico a la direcci\u00f3n lopd@wearensn.com .<\/p>\n<p>Cuando reciba publicidad por correo electr\u00f3nico, tambi\u00e9n podr\u00e1 oponer desde dicho correo electr\u00f3nico, pinchando en el enlace incluido en el mismo y siguiendo las instrucciones que le sean facilitadas.<\/p>\n\t\t\t\t\t\t\t\t<\/div>\n\t\t\t\t<\/div>\n\t\t\t\t<div class=\"elementor-element elementor-element-2831fe4 elementor-widget elementor-widget-heading\" data-id=\"2831fe4\" data-element_type=\"widget\" data-e-type=\"widget\" data-widget_type=\"heading.default\">\n\t\t\t\t<div class=\"elementor-widget-container\">\n\t\t\t\t\t<h2 class=\"elementor-heading-title elementor-size-default\">8\/ Cambios a la Pol\u00edtica de Privacidad.<\/h2>\t\t\t\t<\/div>\n\t\t\t\t<\/div>\n\t\t\t\t<div class=\"elementor-element elementor-element-ec72f27 elementor-widget elementor-widget-text-editor\" data-id=\"ec72f27\" data-element_type=\"widget\" data-e-type=\"widget\" data-widget_type=\"text-editor.default\">\n\t\t\t\t<div class=\"elementor-widget-container\">\n\t\t\t\t\t\t\t\t\t<p>Nuestra Pol\u00edtica de Privacidad podr\u00e1 sufrir actualizaciones, debidas a cambios y necesidades legales, as\u00ed como debidas a mejoras y cambios incluidos en la forma de ofrecer y prestar nuestros servicios y utilidades de la aplicaci\u00f3n. Por ello, le recomendamos que visite y acceda a nuestra Pol\u00edtica de Privacidad peri\u00f3dicamente, para poder tener acceso y conocer los \u00faltimos cambios que hayan podido ser incorporados. En caso de que dichos cambios guarden relaci\u00f3n con el consentimiento prestado por el usuario, en tal caso le ser\u00e1 enviada una notificaci\u00f3n independiente y por separado para recavarlo nuevamente.<\/p>\n<p>Si durante la lectura le ha surgido alguna duda o cuesti\u00f3n sobre nuestra Pol\u00edtica de Privacidad o quiere ejercitar alg\u00fan derecho o acci\u00f3n relativa a sus datos personales, por favor p\u00f3ngase en contacto con nosotros en la siguiente direcci\u00f3n de correo electr\u00f3nico lopd@wearensn.com .<\/p>\n\t\t\t\t\t\t\t\t<\/div>\n\t\t\t\t<\/div>\n\t\t\t\t\t<\/div>\n\t\t<\/div>\n\t\t\t\t\t<\/div>\n\t\t<\/section>\n\t\t\t\t<\/div>\n\t\t","protected":false},"excerpt":{"rendered":"<p>Pol\u00edtica de Privacidad 1\/ Pol\u00edtica de Privacidad y Seguridad. La siguiente informaci\u00f3n sobre nuestra Pol\u00edtica de Privacidad refleja el compromiso de INTERNATIONAL COMMERCIALIZATION OF SPORTS RIGHTS SPAIN, S.L., por mantener y garantizar relaciones comerciales seguras mediante la protecci\u00f3n de los datos personales, garantizando el derecho a la privacidad de cada uno de los usuarios de [&hellip;]<\/p>\n","protected":false},"author":1,"featured_media":0,"parent":0,"menu_order":0,"comment_status":"closed","ping_status":"closed","template":"","meta":{"_acf_changed":false,"content-type":"","footnotes":""},"class_list":["post-5691","page","type-page","status-publish","hentry"],"acf":[],"yoast_head":"<!-- This site is optimized with the Yoast SEO plugin v27.1.1 - https:\/\/yoast.com\/product\/yoast-seo-wordpress\/ -->\n<title>Pol\u00edtica de Privacidad - We Are NSN<\/title>\n<meta name=\"description\" content=\"Cualquier dato personal que nos facilite al visitar cualquiera de nuestros portales web o con la instalaci\u00f3n de nuestra aplicaci\u00f3n m\u00f3vil, ser\u00e1 tratado de conformidad con las normas de protecci\u00f3n de datos y s\u00f3lo ser\u00e1n recogidos, tratados y utilizados para fines l\u00edcitos, leg\u00edtimos e informados.\" \/>\n<meta name=\"robots\" content=\"index, follow, max-snippet:-1, max-image-preview:large, max-video-preview:-1\" \/>\n<link rel=\"canonical\" href=\"https:\/\/www.wearensn.com\/es\/politica-de-privacidad\/\" \/>\n<meta property=\"og:locale\" content=\"es_ES\" \/>\n<meta property=\"og:type\" content=\"article\" \/>\n<meta property=\"og:title\" content=\"Pol\u00edtica de Privacidad - We Are NSN\" \/>\n<meta property=\"og:description\" content=\"Cualquier dato personal que nos facilite al visitar cualquiera de nuestros portales web o con la instalaci\u00f3n de nuestra aplicaci\u00f3n m\u00f3vil, ser\u00e1 tratado de conformidad con las normas de protecci\u00f3n de datos y s\u00f3lo ser\u00e1n recogidos, tratados y utilizados para fines l\u00edcitos, leg\u00edtimos e informados.\" \/>\n<meta property=\"og:url\" content=\"https:\/\/www.wearensn.com\/es\/politica-de-privacidad\/\" \/>\n<meta property=\"og:site_name\" content=\"We Are NSN\" \/>\n<meta property=\"article:modified_time\" content=\"2025-04-03T19:53:24+00:00\" \/>\n<meta name=\"twitter:card\" content=\"summary_large_image\" \/>\n<meta name=\"twitter:label1\" content=\"Tiempo de lectura\" \/>\n\t<meta name=\"twitter:data1\" content=\"7 minutos\" \/>\n<script type=\"application\/ld+json\" class=\"yoast-schema-graph\">{\"@context\":\"https:\/\/schema.org\",\"@graph\":[{\"@type\":\"WebPage\",\"@id\":\"https:\/\/www.wearensn.com\/es\/politica-de-privacidad\/\",\"url\":\"https:\/\/www.wearensn.com\/es\/politica-de-privacidad\/\",\"name\":\"Pol\u00edtica de Privacidad - We Are NSN\",\"isPartOf\":{\"@id\":\"https:\/\/www.wearensn.com\/es\/#website\"},\"datePublished\":\"2023-09-01T07:28:02+00:00\",\"dateModified\":\"2025-04-03T19:53:24+00:00\",\"description\":\"Cualquier dato personal que nos facilite al visitar cualquiera de nuestros portales web o con la instalaci\u00f3n de nuestra aplicaci\u00f3n m\u00f3vil, ser\u00e1 tratado de conformidad con las normas de protecci\u00f3n de datos y s\u00f3lo ser\u00e1n recogidos, tratados y utilizados para fines l\u00edcitos, leg\u00edtimos e informados.\",\"breadcrumb\":{\"@id\":\"https:\/\/www.wearensn.com\/es\/politica-de-privacidad\/#breadcrumb\"},\"inLanguage\":\"es\",\"potentialAction\":[{\"@type\":\"ReadAction\",\"target\":[\"https:\/\/www.wearensn.com\/es\/politica-de-privacidad\/\"]}]},{\"@type\":\"BreadcrumbList\",\"@id\":\"https:\/\/www.wearensn.com\/es\/politica-de-privacidad\/#breadcrumb\",\"itemListElement\":[{\"@type\":\"ListItem\",\"position\":1,\"name\":\"Home\",\"item\":\"https:\/\/www.wearensn.com\/es\/home\/\"},{\"@type\":\"ListItem\",\"position\":2,\"name\":\"Pol\u00edtica de Privacidad\"}]},{\"@type\":\"WebSite\",\"@id\":\"https:\/\/www.wearensn.com\/es\/#website\",\"url\":\"https:\/\/www.wearensn.com\/es\/\",\"name\":\"We Are NSN\",\"description\":\"Sports &amp; Entertainment\",\"publisher\":{\"@id\":\"https:\/\/www.wearensn.com\/es\/#organization\"},\"potentialAction\":[{\"@type\":\"SearchAction\",\"target\":{\"@type\":\"EntryPoint\",\"urlTemplate\":\"https:\/\/www.wearensn.com\/es\/?s={search_term_string}\"},\"query-input\":{\"@type\":\"PropertyValueSpecification\",\"valueRequired\":true,\"valueName\":\"search_term_string\"}}],\"inLanguage\":\"es\"},{\"@type\":\"Organization\",\"@id\":\"https:\/\/www.wearensn.com\/es\/#organization\",\"name\":\"We Are NSN\",\"url\":\"https:\/\/www.wearensn.com\/es\/\",\"logo\":{\"@type\":\"ImageObject\",\"inLanguage\":\"es\",\"@id\":\"https:\/\/www.wearensn.com\/es\/#\/schema\/logo\/image\/\",\"url\":\"https:\/\/www.wearensn.com\/wp-content\/uploads\/2023\/08\/cropped-Favicon-never-say-never.png\",\"contentUrl\":\"https:\/\/www.wearensn.com\/wp-content\/uploads\/2023\/08\/cropped-Favicon-never-say-never.png\",\"width\":512,\"height\":512,\"caption\":\"We Are NSN\"},\"image\":{\"@id\":\"https:\/\/www.wearensn.com\/es\/#\/schema\/logo\/image\/\"}}]}<\/script>\n<!-- \/ Yoast SEO plugin. -->","yoast_head_json":{"title":"Pol\u00edtica de Privacidad - We Are NSN","description":"Cualquier dato personal que nos facilite al visitar cualquiera de nuestros portales web o con la instalaci\u00f3n de nuestra aplicaci\u00f3n m\u00f3vil, ser\u00e1 tratado de conformidad con las normas de protecci\u00f3n de datos y s\u00f3lo ser\u00e1n recogidos, tratados y utilizados para fines l\u00edcitos, leg\u00edtimos e informados.","robots":{"index":"index","follow":"follow","max-snippet":"max-snippet:-1","max-image-preview":"max-image-preview:large","max-video-preview":"max-video-preview:-1"},"canonical":"https:\/\/www.wearensn.com\/es\/politica-de-privacidad\/","og_locale":"es_ES","og_type":"article","og_title":"Pol\u00edtica de Privacidad - We Are NSN","og_description":"Cualquier dato personal que nos facilite al visitar cualquiera de nuestros portales web o con la instalaci\u00f3n de nuestra aplicaci\u00f3n m\u00f3vil, ser\u00e1 tratado de conformidad con las normas de protecci\u00f3n de datos y s\u00f3lo ser\u00e1n recogidos, tratados y utilizados para fines l\u00edcitos, leg\u00edtimos e informados.","og_url":"https:\/\/www.wearensn.com\/es\/politica-de-privacidad\/","og_site_name":"We Are NSN","article_modified_time":"2025-04-03T19:53:24+00:00","twitter_card":"summary_large_image","twitter_misc":{"Tiempo de lectura":"7 minutos"},"schema":{"@context":"https:\/\/schema.org","@graph":[{"@type":"WebPage","@id":"https:\/\/www.wearensn.com\/es\/politica-de-privacidad\/","url":"https:\/\/www.wearensn.com\/es\/politica-de-privacidad\/","name":"Pol\u00edtica de Privacidad - We Are NSN","isPartOf":{"@id":"https:\/\/www.wearensn.com\/es\/#website"},"datePublished":"2023-09-01T07:28:02+00:00","dateModified":"2025-04-03T19:53:24+00:00","description":"Cualquier dato personal que nos facilite al visitar cualquiera de nuestros portales web o con la instalaci\u00f3n de nuestra aplicaci\u00f3n m\u00f3vil, ser\u00e1 tratado de conformidad con las normas de protecci\u00f3n de datos y s\u00f3lo ser\u00e1n recogidos, tratados y utilizados para fines l\u00edcitos, leg\u00edtimos e informados.","breadcrumb":{"@id":"https:\/\/www.wearensn.com\/es\/politica-de-privacidad\/#breadcrumb"},"inLanguage":"es","potentialAction":[{"@type":"ReadAction","target":["https:\/\/www.wearensn.com\/es\/politica-de-privacidad\/"]}]},{"@type":"BreadcrumbList","@id":"https:\/\/www.wearensn.com\/es\/politica-de-privacidad\/#breadcrumb","itemListElement":[{"@type":"ListItem","position":1,"name":"Home","item":"https:\/\/www.wearensn.com\/es\/home\/"},{"@type":"ListItem","position":2,"name":"Pol\u00edtica de Privacidad"}]},{"@type":"WebSite","@id":"https:\/\/www.wearensn.com\/es\/#website","url":"https:\/\/www.wearensn.com\/es\/","name":"We Are NSN","description":"Sports &amp; Entertainment","publisher":{"@id":"https:\/\/www.wearensn.com\/es\/#organization"},"potentialAction":[{"@type":"SearchAction","target":{"@type":"EntryPoint","urlTemplate":"https:\/\/www.wearensn.com\/es\/?s={search_term_string}"},"query-input":{"@type":"PropertyValueSpecification","valueRequired":true,"valueName":"search_term_string"}}],"inLanguage":"es"},{"@type":"Organization","@id":"https:\/\/www.wearensn.com\/es\/#organization","name":"We Are NSN","url":"https:\/\/www.wearensn.com\/es\/","logo":{"@type":"ImageObject","inLanguage":"es","@id":"https:\/\/www.wearensn.com\/es\/#\/schema\/logo\/image\/","url":"https:\/\/www.wearensn.com\/wp-content\/uploads\/2023\/08\/cropped-Favicon-never-say-never.png","contentUrl":"https:\/\/www.wearensn.com\/wp-content\/uploads\/2023\/08\/cropped-Favicon-never-say-never.png","width":512,"height":512,"caption":"We Are NSN"},"image":{"@id":"https:\/\/www.wearensn.com\/es\/#\/schema\/logo\/image\/"}}]}},"_links":{"self":[{"href":"https:\/\/www.wearensn.com\/es\/wp-json\/wp\/v2\/pages\/5691","targetHints":{"allow":["GET"]}}],"collection":[{"href":"https:\/\/www.wearensn.com\/es\/wp-json\/wp\/v2\/pages"}],"about":[{"href":"https:\/\/www.wearensn.com\/es\/wp-json\/wp\/v2\/types\/page"}],"author":[{"embeddable":true,"href":"https:\/\/www.wearensn.com\/es\/wp-json\/wp\/v2\/users\/1"}],"replies":[{"embeddable":true,"href":"https:\/\/www.wearensn.com\/es\/wp-json\/wp\/v2\/comments?post=5691"}],"version-history":[{"count":13,"href":"https:\/\/www.wearensn.com\/es\/wp-json\/wp\/v2\/pages\/5691\/revisions"}],"predecessor-version":[{"id":12799,"href":"https:\/\/www.wearensn.com\/es\/wp-json\/wp\/v2\/pages\/5691\/revisions\/12799"}],"wp:attachment":[{"href":"https:\/\/www.wearensn.com\/es\/wp-json\/wp\/v2\/media?parent=5691"}],"curies":[{"name":"wp","href":"https:\/\/api.w.org\/{rel}","templated":true}]}}