{"id":5391,"date":"2023-09-01T07:27:26","date_gmt":"2023-09-01T07:27:26","guid":{"rendered":"https:\/\/staging.wearensn.com\/contacto\/"},"modified":"2025-10-21T09:17:21","modified_gmt":"2025-10-21T09:17:21","slug":"contact","status":"publish","type":"page","link":"https:\/\/www.wearensn.com\/es\/contact\/","title":{"rendered":"Contacto"},"content":{"rendered":"\t\t<div data-elementor-type=\"wp-page\" data-elementor-id=\"5391\" class=\"elementor elementor-5391 elementor-438\" data-elementor-post-type=\"page\">\n\t\t\t\t\t\t<section class=\"elementor-section elementor-top-section elementor-element elementor-element-bb87948 elementor-section-boxed elementor-section-height-default elementor-section-height-default qodef-elementor-content-no\" data-id=\"bb87948\" data-element_type=\"section\" data-e-type=\"section\">\n\t\t\t\t\t\t<div class=\"elementor-container elementor-column-gap-default\">\n\t\t\t\t\t<div class=\"elementor-column elementor-col-100 elementor-top-column elementor-element elementor-element-fb25852\" data-id=\"fb25852\" data-element_type=\"column\" data-e-type=\"column\">\n\t\t\t<div class=\"elementor-widget-wrap elementor-element-populated\">\n\t\t\t\t\t\t<div class=\"elementor-element elementor-element-cb879a2 elementor-widget elementor-widget-qi_addons_for_elementor_animated_text\" data-id=\"cb879a2\" data-element_type=\"widget\" data-e-type=\"widget\" data-widget_type=\"qi_addons_for_elementor_animated_text.default\">\n\t\t\t\t<div class=\"elementor-widget-container\">\n\t\t\t\t\t<div class=\"qodef-shortcode qodef-m qodef-qi-animated-text qodef--animated-by-letter qodef--alignment-left qodef-qi--has-appear qodef--appear-from-bottom\" >\n\t\t<h2 class=\"qodef-m-title\">\n\t\t<span class=\"qodef-e-word-holder\">Contacto<\/span>\t<\/h2>\n<\/div>\n\t\t\t\t<\/div>\n\t\t\t\t<\/div>\n\t\t\t\t<div class=\"elementor-element elementor-element-0061164 elementor-widget__width-initial elementor-invisible elementor-widget elementor-widget-heading\" data-id=\"0061164\" data-element_type=\"widget\" data-e-type=\"widget\" data-settings=\"{&quot;_animation&quot;:&quot;fadeInUp&quot;}\" data-widget_type=\"heading.default\">\n\t\t\t\t<div class=\"elementor-widget-container\">\n\t\t\t\t\t<h1 class=\"elementor-heading-title elementor-size-default\">\u00a1Cont\u00e1ctanos!<\/h1>\t\t\t\t<\/div>\n\t\t\t\t<\/div>\n\t\t\t\t<section class=\"elementor-section elementor-inner-section elementor-element elementor-element-d7c0031 elementor-section-boxed elementor-section-height-default elementor-section-height-default qodef-elementor-content-no\" data-id=\"d7c0031\" data-element_type=\"section\" data-e-type=\"section\">\n\t\t\t\t\t\t<div class=\"elementor-container elementor-column-gap-default\">\n\t\t\t\t\t<div class=\"elementor-column elementor-col-50 elementor-inner-column elementor-element elementor-element-6bb851e\" data-id=\"6bb851e\" data-element_type=\"column\" data-e-type=\"column\" data-settings=\"{&quot;background_background&quot;:&quot;classic&quot;}\">\n\t\t\t<div class=\"elementor-widget-wrap\">\n\t\t\t\t\t\t\t<\/div>\n\t\t<\/div>\n\t\t\t\t<div class=\"elementor-column elementor-col-50 elementor-inner-column elementor-element elementor-element-ccb1244\" data-id=\"ccb1244\" data-element_type=\"column\" data-e-type=\"column\">\n\t\t\t<div class=\"elementor-widget-wrap elementor-element-populated\">\n\t\t\t\t\t\t<div class=\"elementor-element elementor-element-3dae3ca elementor-button-align-start form-main elementor-widget elementor-widget-form\" data-id=\"3dae3ca\" data-element_type=\"widget\" data-e-type=\"widget\" data-settings=\"{&quot;step_next_label&quot;:&quot;Siguiente&quot;,&quot;step_previous_label&quot;:&quot;Anterior&quot;,&quot;button_width&quot;:&quot;100&quot;,&quot;step_type&quot;:&quot;number_text&quot;,&quot;step_icon_shape&quot;:&quot;circle&quot;}\" data-widget_type=\"form.default\">\n\t\t\t\t<div class=\"elementor-widget-container\">\n\t\t\t\t\t\t\t<form class=\"elementor-form\" method=\"post\" id=\"elementorform\" name=\"Nuevo formulario\" aria-label=\"Nuevo formulario\">\n\t\t\t<input type=\"hidden\" name=\"post_id\" value=\"5391\"\/>\n\t\t\t<input type=\"hidden\" name=\"form_id\" value=\"3dae3ca\"\/>\n\t\t\t<input type=\"hidden\" name=\"referer_title\" value=\"We Are NSN\" \/>\n\n\t\t\t\n\t\t\t<div class=\"elementor-form-fields-wrapper elementor-labels-\">\n\t\t\t\t\t\t\t\t<div class=\"elementor-field-type-text elementor-field-group elementor-column elementor-field-group-name elementor-col-100 elementor-field-required\">\n\t\t\t\t\t\t\t\t\t\t\t\t<label for=\"form-field-name\" class=\"elementor-field-label elementor-screen-only\">\n\t\t\t\t\t\t\t\tNombre\t\t\t\t\t\t\t<\/label>\n\t\t\t\t\t\t\t\t\t\t\t\t\t\t<input size=\"1\" type=\"text\" name=\"form_fields[name]\" id=\"form-field-name\" class=\"elementor-field elementor-size-sm  elementor-field-textual\" placeholder=\"Nombre\" required=\"required\">\n\t\t\t\t\t\t\t\t\t\t\t<\/div>\n\t\t\t\t\t\t\t\t<div class=\"elementor-field-type-email elementor-field-group elementor-column elementor-field-group-email elementor-col-100 elementor-field-required\">\n\t\t\t\t\t\t\t\t\t\t\t\t<label for=\"form-field-email\" class=\"elementor-field-label elementor-screen-only\">\n\t\t\t\t\t\t\t\tCorreo electr\u00f3nico\t\t\t\t\t\t\t<\/label>\n\t\t\t\t\t\t\t\t\t\t\t\t\t\t<input size=\"1\" type=\"email\" name=\"form_fields[email]\" id=\"form-field-email\" class=\"elementor-field elementor-size-sm  elementor-field-textual\" placeholder=\"Correo electr\u00f3nico\" required=\"required\">\n\t\t\t\t\t\t\t\t\t\t\t<\/div>\n\t\t\t\t\t\t\t\t<div class=\"elementor-field-type-select elementor-field-group elementor-column elementor-field-group-destinario elementor-col-100 elementor-field-required\">\n\t\t\t\t\t\t\t\t\t\t\t\t<label for=\"form-field-destinario\" class=\"elementor-field-label elementor-screen-only\">\n\t\t\t\t\t\t\t\t\u00bfQuieres unirte al equipo?\t\t\t\t\t\t\t<\/label>\n\t\t\t\t\t\t\t\t<div class=\"elementor-field elementor-select-wrapper remove-before \">\n\t\t\t<div class=\"select-caret-down-wrapper\">\n\t\t\t\t<i aria-hidden=\"true\" class=\"eicon-caret-down\"><\/i>\t\t\t<\/div>\n\t\t\t<select name=\"form_fields[destinario]\" id=\"form-field-destinario\" class=\"elementor-field-textual elementor-size-sm\" required=\"required\">\n\t\t\t\t\t\t\t\t\t<option value=\"\u00bfQuieres unirte al equipo?\">\u00bfQuieres unirte al equipo?<\/option>\n\t\t\t\t\t\t\t\t\t<option value=\" sofia.adell@wearensn.com\">S\u00ed <\/option>\n\t\t\t\t\t\t\t\t\t<option value=\" marketing@wearensn.com\">No <\/option>\n\t\t\t\t\t\t\t<\/select>\n\t\t<\/div>\n\t\t\t\t\t\t<\/div>\n\t\t\t\t\t\t\t\t<div class=\"elementor-field-type-textarea elementor-field-group elementor-column elementor-field-group-message elementor-col-100\">\n\t\t\t\t\t\t\t\t\t\t\t\t<label for=\"form-field-message\" class=\"elementor-field-label elementor-screen-only\">\n\t\t\t\t\t\t\t\tMensaje\t\t\t\t\t\t\t<\/label>\n\t\t\t\t\t\t<textarea class=\"elementor-field-textual elementor-field  elementor-size-sm\" name=\"form_fields[message]\" id=\"form-field-message\" rows=\"1\" placeholder=\"Mensaje\"><\/textarea>\t\t\t\t<\/div>\n\t\t\t\t\t\t\t\t<div class=\"elementor-field-type-acceptance elementor-field-group elementor-column elementor-field-group-field_d064882 elementor-col-100 elementor-field-required\">\n\t\t\t\t\t\t\t\t\t\t\t\t<label for=\"form-field-field_d064882\" class=\"elementor-field-label elementor-screen-only\">\n\t\t\t\t\t\t\t\tAceptaci\u00f3n\t\t\t\t\t\t\t<\/label>\n\t\t\t\t\t\t\t\t<div class=\"elementor-field-subgroup\">\n\t\t\t<span class=\"elementor-field-option\">\n\t\t\t\t<input type=\"checkbox\" name=\"form_fields[field_d064882]\" id=\"form-field-field_d064882\" class=\"elementor-field elementor-size-sm  elementor-acceptance-field\" required=\"required\">\n\t\t\t\t<label for=\"form-field-field_d064882\">He le\u00eddo y acepto los <a href=\"https:\/\/www.wearensn.com\/es\/aviso-legal\/\"><span style=\"font-weight: 700; color:black\">T\u00e9rminos de Servicio<\/span><\/a>. Permito que mis datos sean almacenados y procesados para fines o intereses leg\u00edtimos.<\/label>\t\t\t<\/span>\n\t\t<\/div>\n\t\t\t\t\t\t<\/div>\n\t\t\t\t\t\t\t\t<div class=\"elementor-field-type-acceptance elementor-field-group elementor-column elementor-field-group-field_4ac6ccb elementor-col-100 elementor-field-required\">\n\t\t\t\t\t\t\t\t\t\t\t\t<label for=\"form-field-field_4ac6ccb\" class=\"elementor-field-label elementor-screen-only\">\n\t\t\t\t\t\t\t\tAceptaci\u00f3n\t\t\t\t\t\t\t<\/label>\n\t\t\t\t\t\t\t\t<div class=\"elementor-field-subgroup\">\n\t\t\t<span class=\"elementor-field-option\">\n\t\t\t\t<input type=\"checkbox\" name=\"form_fields[field_4ac6ccb]\" id=\"form-field-field_4ac6ccb\" class=\"elementor-field elementor-size-sm  elementor-acceptance-field\" required=\"required\">\n\t\t\t\t<label for=\"form-field-field_4ac6ccb\">Acepto recibir comunicaciones e informaci\u00f3n personalizada de las empresas del grupo NSN v\u00eda correo electr\u00f3nico.<\/label>\t\t\t<\/span>\n\t\t<\/div>\n\t\t\t\t\t\t<\/div>\n\t\t\t\t\t\t\t\t<div class=\"elementor-field-type-recaptcha_v3 elementor-field-group elementor-column elementor-field-group-field_088ea9b elementor-col-100 recaptcha_v3-bottomleft\">\n\t\t\t\t\t<div class=\"elementor-field\" id=\"form-field-field_088ea9b\"><div class=\"elementor-g-recaptcha\" data-sitekey=\"6LfsfDwoAAAAAL9HlpebbtHs_91I4OY9E1poNw7A\" data-type=\"v3\" data-action=\"Form\" data-badge=\"bottomleft\" data-size=\"invisible\"><\/div><\/div>\t\t\t\t<\/div>\n\t\t\t\t\t\t\t\t<div class=\"elementor-field-group elementor-column elementor-field-type-submit elementor-col-100 e-form__buttons\">\n\t\t\t\t\t<button class=\"elementor-button elementor-size-md\" type=\"submit\">\n\t\t\t\t\t\t<span class=\"elementor-button-content-wrapper\">\n\t\t\t\t\t\t\t\t\t\t\t\t\t\t\t<span class=\"elementor-button-icon\">\n\t\t\t\t\t\t\t\t\t<svg xmlns=\"http:\/\/www.w3.org\/2000\/svg\" width=\"28\" height=\"28\" viewBox=\"0 0 28 28\" fill=\"none\"><path fill-rule=\"evenodd\" clip-rule=\"evenodd\" d=\"M19.292 8.00098L7.79492 8.00098L7.79492 7.00098L20.9988 7.00098L20.9988 20.2049L19.9988 20.2049L19.9988 8.70835L7.35457 21.3526L6.64746 20.6455L19.292 8.00098Z\" fill=\"#1D1D1B\"><\/path><\/svg>\t\t\t\t\t\t\t\t\t\t\t\t\t\t\t\t\t<\/span>\n\t\t\t\t\t\t\t\t\t\t\t\t\t\t\t\t\t\t\t\t\t\t<span class=\"elementor-button-text\">Enviar<\/span>\n\t\t\t\t\t\t\t\t\t\t\t\t\t<\/span>\n\t\t\t\t\t<\/button>\n\t\t\t\t<\/div>\n\t\t\t<\/div>\n\t\t<\/form>\n\t\t\t\t\t\t<\/div>\n\t\t\t\t<\/div>\n\t\t\t\t\t<\/div>\n\t\t<\/div>\n\t\t\t\t\t<\/div>\n\t\t<\/section>\n\t\t\t\t\t<\/div>\n\t\t<\/div>\n\t\t\t\t\t<\/div>\n\t\t<\/section>\n\t\t\t\t<\/div>\n\t\t","protected":false},"excerpt":{"rendered":"<p>Contacto \u00a1Cont\u00e1ctanos!<\/p>\n","protected":false},"author":1,"featured_media":0,"parent":0,"menu_order":0,"comment_status":"closed","ping_status":"closed","template":"","meta":{"_acf_changed":false,"content-type":"","footnotes":""},"class_list":["post-5391","page","type-page","status-publish","hentry"],"acf":[],"yoast_head":"<!-- This site is optimized with the Yoast SEO plugin v27.1.1 - https:\/\/yoast.com\/product\/yoast-seo-wordpress\/ -->\n<title>Contacto - We Are NSN<\/title>\n<meta name=\"description\" content=\"Si puedes imaginarlo, podemos hacerlo posible. \u00a1Queremos escucharte!\" \/>\n<meta name=\"robots\" content=\"index, follow, max-snippet:-1, max-image-preview:large, max-video-preview:-1\" \/>\n<link rel=\"canonical\" href=\"https:\/\/www.wearensn.com\/es\/contact\/\" \/>\n<meta property=\"og:locale\" content=\"es_ES\" \/>\n<meta property=\"og:type\" content=\"article\" \/>\n<meta property=\"og:title\" content=\"Contacto - We Are NSN\" \/>\n<meta property=\"og:description\" content=\"Si puedes imaginarlo, podemos hacerlo posible. \u00a1Queremos escucharte!\" \/>\n<meta property=\"og:url\" content=\"https:\/\/www.wearensn.com\/es\/contact\/\" \/>\n<meta property=\"og:site_name\" content=\"We Are NSN\" \/>\n<meta property=\"article:modified_time\" content=\"2025-10-21T09:17:21+00:00\" \/>\n<meta name=\"twitter:card\" content=\"summary_large_image\" \/>\n<meta name=\"twitter:label1\" content=\"Tiempo de lectura\" \/>\n\t<meta name=\"twitter:data1\" content=\"1 minuto\" \/>\n<script type=\"application\/ld+json\" class=\"yoast-schema-graph\">{\"@context\":\"https:\/\/schema.org\",\"@graph\":[{\"@type\":\"WebPage\",\"@id\":\"https:\/\/www.wearensn.com\/es\/contact\/\",\"url\":\"https:\/\/www.wearensn.com\/es\/contact\/\",\"name\":\"Contacto - We Are NSN\",\"isPartOf\":{\"@id\":\"https:\/\/www.wearensn.com\/es\/#website\"},\"datePublished\":\"2023-09-01T07:27:26+00:00\",\"dateModified\":\"2025-10-21T09:17:21+00:00\",\"description\":\"Si puedes imaginarlo, podemos hacerlo posible. \u00a1Queremos escucharte!\",\"breadcrumb\":{\"@id\":\"https:\/\/www.wearensn.com\/es\/contact\/#breadcrumb\"},\"inLanguage\":\"es\",\"potentialAction\":[{\"@type\":\"ReadAction\",\"target\":[\"https:\/\/www.wearensn.com\/es\/contact\/\"]}]},{\"@type\":\"BreadcrumbList\",\"@id\":\"https:\/\/www.wearensn.com\/es\/contact\/#breadcrumb\",\"itemListElement\":[{\"@type\":\"ListItem\",\"position\":1,\"name\":\"Home\",\"item\":\"https:\/\/www.wearensn.com\/es\/home\/\"},{\"@type\":\"ListItem\",\"position\":2,\"name\":\"Contacto\"}]},{\"@type\":\"WebSite\",\"@id\":\"https:\/\/www.wearensn.com\/es\/#website\",\"url\":\"https:\/\/www.wearensn.com\/es\/\",\"name\":\"We Are NSN\",\"description\":\"Sports &amp; Entertainment\",\"publisher\":{\"@id\":\"https:\/\/www.wearensn.com\/es\/#organization\"},\"potentialAction\":[{\"@type\":\"SearchAction\",\"target\":{\"@type\":\"EntryPoint\",\"urlTemplate\":\"https:\/\/www.wearensn.com\/es\/?s={search_term_string}\"},\"query-input\":{\"@type\":\"PropertyValueSpecification\",\"valueRequired\":true,\"valueName\":\"search_term_string\"}}],\"inLanguage\":\"es\"},{\"@type\":\"Organization\",\"@id\":\"https:\/\/www.wearensn.com\/es\/#organization\",\"name\":\"We Are NSN\",\"url\":\"https:\/\/www.wearensn.com\/es\/\",\"logo\":{\"@type\":\"ImageObject\",\"inLanguage\":\"es\",\"@id\":\"https:\/\/www.wearensn.com\/es\/#\/schema\/logo\/image\/\",\"url\":\"https:\/\/www.wearensn.com\/wp-content\/uploads\/2023\/08\/cropped-Favicon-never-say-never.png\",\"contentUrl\":\"https:\/\/www.wearensn.com\/wp-content\/uploads\/2023\/08\/cropped-Favicon-never-say-never.png\",\"width\":512,\"height\":512,\"caption\":\"We Are NSN\"},\"image\":{\"@id\":\"https:\/\/www.wearensn.com\/es\/#\/schema\/logo\/image\/\"}}]}<\/script>\n<!-- \/ Yoast SEO plugin. -->","yoast_head_json":{"title":"Contacto - We Are NSN","description":"Si puedes imaginarlo, podemos hacerlo posible. \u00a1Queremos escucharte!","robots":{"index":"index","follow":"follow","max-snippet":"max-snippet:-1","max-image-preview":"max-image-preview:large","max-video-preview":"max-video-preview:-1"},"canonical":"https:\/\/www.wearensn.com\/es\/contact\/","og_locale":"es_ES","og_type":"article","og_title":"Contacto - We Are NSN","og_description":"Si puedes imaginarlo, podemos hacerlo posible. \u00a1Queremos escucharte!","og_url":"https:\/\/www.wearensn.com\/es\/contact\/","og_site_name":"We Are NSN","article_modified_time":"2025-10-21T09:17:21+00:00","twitter_card":"summary_large_image","twitter_misc":{"Tiempo de lectura":"1 minuto"},"schema":{"@context":"https:\/\/schema.org","@graph":[{"@type":"WebPage","@id":"https:\/\/www.wearensn.com\/es\/contact\/","url":"https:\/\/www.wearensn.com\/es\/contact\/","name":"Contacto - We Are NSN","isPartOf":{"@id":"https:\/\/www.wearensn.com\/es\/#website"},"datePublished":"2023-09-01T07:27:26+00:00","dateModified":"2025-10-21T09:17:21+00:00","description":"Si puedes imaginarlo, podemos hacerlo posible. \u00a1Queremos escucharte!","breadcrumb":{"@id":"https:\/\/www.wearensn.com\/es\/contact\/#breadcrumb"},"inLanguage":"es","potentialAction":[{"@type":"ReadAction","target":["https:\/\/www.wearensn.com\/es\/contact\/"]}]},{"@type":"BreadcrumbList","@id":"https:\/\/www.wearensn.com\/es\/contact\/#breadcrumb","itemListElement":[{"@type":"ListItem","position":1,"name":"Home","item":"https:\/\/www.wearensn.com\/es\/home\/"},{"@type":"ListItem","position":2,"name":"Contacto"}]},{"@type":"WebSite","@id":"https:\/\/www.wearensn.com\/es\/#website","url":"https:\/\/www.wearensn.com\/es\/","name":"We Are NSN","description":"Sports &amp; Entertainment","publisher":{"@id":"https:\/\/www.wearensn.com\/es\/#organization"},"potentialAction":[{"@type":"SearchAction","target":{"@type":"EntryPoint","urlTemplate":"https:\/\/www.wearensn.com\/es\/?s={search_term_string}"},"query-input":{"@type":"PropertyValueSpecification","valueRequired":true,"valueName":"search_term_string"}}],"inLanguage":"es"},{"@type":"Organization","@id":"https:\/\/www.wearensn.com\/es\/#organization","name":"We Are NSN","url":"https:\/\/www.wearensn.com\/es\/","logo":{"@type":"ImageObject","inLanguage":"es","@id":"https:\/\/www.wearensn.com\/es\/#\/schema\/logo\/image\/","url":"https:\/\/www.wearensn.com\/wp-content\/uploads\/2023\/08\/cropped-Favicon-never-say-never.png","contentUrl":"https:\/\/www.wearensn.com\/wp-content\/uploads\/2023\/08\/cropped-Favicon-never-say-never.png","width":512,"height":512,"caption":"We Are NSN"},"image":{"@id":"https:\/\/www.wearensn.com\/es\/#\/schema\/logo\/image\/"}}]}},"_links":{"self":[{"href":"https:\/\/www.wearensn.com\/es\/wp-json\/wp\/v2\/pages\/5391","targetHints":{"allow":["GET"]}}],"collection":[{"href":"https:\/\/www.wearensn.com\/es\/wp-json\/wp\/v2\/pages"}],"about":[{"href":"https:\/\/www.wearensn.com\/es\/wp-json\/wp\/v2\/types\/page"}],"author":[{"embeddable":true,"href":"https:\/\/www.wearensn.com\/es\/wp-json\/wp\/v2\/users\/1"}],"replies":[{"embeddable":true,"href":"https:\/\/www.wearensn.com\/es\/wp-json\/wp\/v2\/comments?post=5391"}],"version-history":[{"count":44,"href":"https:\/\/www.wearensn.com\/es\/wp-json\/wp\/v2\/pages\/5391\/revisions"}],"predecessor-version":[{"id":13096,"href":"https:\/\/www.wearensn.com\/es\/wp-json\/wp\/v2\/pages\/5391\/revisions\/13096"}],"wp:attachment":[{"href":"https:\/\/www.wearensn.com\/es\/wp-json\/wp\/v2\/media?parent=5391"}],"curies":[{"name":"wp","href":"https:\/\/api.w.org\/{rel}","templated":true}]}}